{"id":2,"date":"2026-01-07T20:25:51","date_gmt":"2026-01-07T23:25:51","guid":{"rendered":"https:\/\/luxurypepperescorts.com\/?page_id=2"},"modified":"2026-02-04T17:33:00","modified_gmt":"2026-02-04T16:33:00","slug":"premium","status":"publish","type":"page","link":"https:\/\/luxurypepperescorts.com\/?page_id=2","title":{"rendered":"Planos"},"content":{"rendered":"\t\t<div data-elementor-type=\"wp-page\" data-elementor-id=\"2\" class=\"elementor elementor-2\">\n\t\t\t\t<div class=\"elementor-element elementor-element-65776af e-flex e-con-boxed e-con e-parent\" data-id=\"65776af\" data-element_type=\"container\" data-e-type=\"container\">\n\t\t\t\t\t<div class=\"e-con-inner\">\n\t\t\t\t<div class=\"elementor-element elementor-element-12d69e6 elementor-widget elementor-widget-heading\" data-id=\"12d69e6\" data-element_type=\"widget\" data-e-type=\"widget\" data-widget_type=\"heading.default\">\n\t\t\t\t\t<h2 class=\"elementor-heading-title elementor-size-default\">Planos de An\u00fancios<\/h2>\t\t\t\t<\/div>\n\t\t\t\t<div class=\"elementor-element elementor-element-ff100be elementor-widget elementor-widget-heading\" data-id=\"ff100be\" data-element_type=\"widget\" data-e-type=\"widget\" data-widget_type=\"heading.default\">\n\t\t\t\t\t<h6 class=\"elementor-heading-title elementor-size-default\">Escolha o plano ideal para divulgar seu perfil.\nTodos os an\u00fancios passam por aprova\u00e7\u00e3o para garantir qualidade e seguran\u00e7a.<\/h6>\t\t\t\t<\/div>\n\t\t\t\t\t<\/div>\n\t\t\t\t<\/div>\n\t\t<div class=\"elementor-element elementor-element-ba9cf0f e-grid e-con-boxed e-con e-parent\" data-id=\"ba9cf0f\" data-element_type=\"container\" data-e-type=\"container\">\n\t\t\t\t\t<div class=\"e-con-inner\">\n\t\t\t\t<div class=\"elementor-element elementor-element-5217637 elementor-widget elementor-widget-image\" data-id=\"5217637\" data-element_type=\"widget\" data-e-type=\"widget\" data-widget_type=\"image.default\">\n\t\t\t\t\t\t\t\t\t\t\t\t\t\t\t<img fetchpriority=\"high\" decoding=\"async\" width=\"219\" height=\"300\" src=\"https:\/\/luxurypepperescorts.com\/wp-content\/uploads\/2026\/01\/photo_5129823099586022433_x-219x300.jpg\" class=\"attachment-medium size-medium wp-image-138\" alt=\"\" srcset=\"https:\/\/luxurypepperescorts.com\/wp-content\/uploads\/2026\/01\/photo_5129823099586022433_x-219x300.jpg 219w, https:\/\/luxurypepperescorts.com\/wp-content\/uploads\/2026\/01\/photo_5129823099586022433_x-9x12.jpg 9w, https:\/\/luxurypepperescorts.com\/wp-content\/uploads\/2026\/01\/photo_5129823099586022433_x.jpg 374w\" sizes=\"(max-width: 219px) 100vw, 219px\" \/>\t\t\t\t\t\t\t\t\t\t\t\t\t\t\t<\/div>\n\t\t\t\t<div class=\"elementor-element elementor-element-f157243 elementor-widget elementor-widget-text-editor\" data-id=\"f157243\" data-element_type=\"widget\" data-e-type=\"widget\" data-widget_type=\"text-editor.default\">\n\t\t\t\t\t\t\t\t\t<p>\ud83d\udc51 Plano VIP \u2013 7 dias<br \/>O plano VIP oferece destaque especial para aumentar a visibilidade do seu an\u00fancio por um per\u00edodo determinado.<br \/>\u2714 An\u00fancio em destaque na p\u00e1gina inicial<br \/>\u2714 Prioridade nas buscas<br \/>\u2714 Selo VIP no perfil<br \/>\u2714 Maior alcance e visualiza\u00e7\u00f5es<br \/>\u2714 Ativa\u00e7\u00e3o ap\u00f3s confirma\u00e7\u00e3o com o administrador<br \/>\u23f3 Dura\u00e7\u00e3o do plano: 7 dias<br \/>\ud83d\udd04 Renova\u00e7\u00e3o: ao final do per\u00edodo, o destaque VIP \u00e9 removido automaticamente.<br \/>Caso deseje continuar como VIP, ser\u00e1 necess\u00e1rio contratar o plano novamente.<\/p><p>Valor:\u00a0\u00a0<strong>20\u20ac<\/strong><\/p>\t\t\t\t\t\t\t\t<\/div>\n\t\t\t\t<div class=\"elementor-element elementor-element-251ae49 elementor-align-justify elementor-widget elementor-widget-button\" data-id=\"251ae49\" data-element_type=\"widget\" data-e-type=\"widget\" data-widget_type=\"button.default\">\n\t\t\t\t\t\t\t\t\t\t<a class=\"elementor-button elementor-button-link elementor-size-sm\" href=\"https:\/\/wa.me\/34605895361\" target=\"_blank\" rel=\"noopener\">\n\t\t\t\t\t\t<span class=\"elementor-button-content-wrapper\">\n\t\t\t\t\t\t\t\t\t<span class=\"elementor-button-text\">Clique aqui<\/span>\n\t\t\t\t\t<\/span>\n\t\t\t\t\t<\/a>\n\t\t\t\t\t\t\t\t<\/div>\n\t\t\t\t\t<\/div>\n\t\t\t\t<\/div>\n\t\t<div class=\"elementor-element elementor-element-dd641fa e-grid e-con-boxed e-con e-parent\" data-id=\"dd641fa\" data-element_type=\"container\" data-e-type=\"container\">\n\t\t\t\t\t<div class=\"e-con-inner\">\n\t\t\t\t<div class=\"elementor-element elementor-element-22003c0 elementor-widget elementor-widget-image\" data-id=\"22003c0\" data-element_type=\"widget\" data-e-type=\"widget\" data-widget_type=\"image.default\">\n\t\t\t\t\t\t\t\t\t\t\t\t\t\t\t<img decoding=\"async\" width=\"219\" height=\"300\" src=\"https:\/\/luxurypepperescorts.com\/wp-content\/uploads\/2026\/01\/photo_5129823099586022434_x-219x300.jpg\" class=\"attachment-medium size-medium wp-image-139\" alt=\"\" srcset=\"https:\/\/luxurypepperescorts.com\/wp-content\/uploads\/2026\/01\/photo_5129823099586022434_x-219x300.jpg 219w, https:\/\/luxurypepperescorts.com\/wp-content\/uploads\/2026\/01\/photo_5129823099586022434_x-9x12.jpg 9w, https:\/\/luxurypepperescorts.com\/wp-content\/uploads\/2026\/01\/photo_5129823099586022434_x.jpg 374w\" sizes=\"(max-width: 219px) 100vw, 219px\" \/>\t\t\t\t\t\t\t\t\t\t\t\t\t\t\t<\/div>\n\t\t\t\t<div class=\"elementor-element elementor-element-a6ee92b elementor-widget elementor-widget-text-editor\" data-id=\"a6ee92b\" data-element_type=\"widget\" data-e-type=\"widget\" data-widget_type=\"text-editor.default\">\n\t\t\t\t\t\t\t\t\t<p><img decoding=\"async\" class=\"emoji\" role=\"img\" draggable=\"false\" src=\"https:\/\/s.w.org\/images\/core\/emoji\/17.0.2\/svg\/1f193.svg\" alt=\"\ud83c\udd93\" \/> Plano B\u00e1sico \u2013 30 dias<br \/>Ideal para quem deseja divulgar seu perfil de forma simples e segura no site.<br \/><img decoding=\"async\" class=\"emoji\" role=\"img\" draggable=\"false\" src=\"https:\/\/s.w.org\/images\/core\/emoji\/17.0.2\/svg\/2714.svg\" alt=\"\u2714\" \/> 1 an\u00fancio ativo por 30 dias<br \/><img decoding=\"async\" class=\"emoji\" role=\"img\" draggable=\"false\" src=\"https:\/\/s.w.org\/images\/core\/emoji\/17.0.2\/svg\/2714.svg\" alt=\"\u2714\" \/> Perfil vis\u00edvel para visitantes do site<br \/><img decoding=\"async\" class=\"emoji\" role=\"img\" draggable=\"false\" src=\"https:\/\/s.w.org\/images\/core\/emoji\/17.0.2\/svg\/2714.svg\" alt=\"\u2714\" \/> Telefone para contato<br \/><img decoding=\"async\" class=\"emoji\" role=\"img\" draggable=\"false\" src=\"https:\/\/s.w.org\/images\/core\/emoji\/17.0.2\/svg\/2714.svg\" alt=\"\u2714\" \/> Publica\u00e7\u00e3o ap\u00f3s verifica\u00e7\u00e3o e aprova\u00e7\u00e3o<br \/><img decoding=\"async\" class=\"emoji\" role=\"img\" draggable=\"false\" src=\"https:\/\/s.w.org\/images\/core\/emoji\/17.0.2\/svg\/274c.svg\" alt=\"\u274c\" \/> Sem destaque na p\u00e1gina inicial<br \/><img decoding=\"async\" class=\"emoji\" role=\"img\" draggable=\"false\" src=\"https:\/\/s.w.org\/images\/core\/emoji\/17.0.2\/svg\/274c.svg\" alt=\"\u274c\" \/> Sem prioridade nas buscas<\/p><p>\u00a0<\/p>\t\t\t\t\t\t\t\t<\/div>\n\t\t\t\t<div class=\"elementor-element elementor-element-5a7d0aa elementor-align-justify elementor-widget elementor-widget-button\" data-id=\"5a7d0aa\" data-element_type=\"widget\" data-e-type=\"widget\" data-widget_type=\"button.default\">\n\t\t\t\t\t\t\t\t\t\t<a class=\"elementor-button elementor-button-link elementor-size-sm\" href=\"https:\/\/wa.me\/34605895361\" target=\"_blank\" rel=\"noopener\">\n\t\t\t\t\t\t<span class=\"elementor-button-content-wrapper\">\n\t\t\t\t\t\t\t\t\t<span class=\"elementor-button-text\">Clique aqui<\/span>\n\t\t\t\t\t<\/span>\n\t\t\t\t\t<\/a>\n\t\t\t\t\t\t\t\t<\/div>\n\t\t\t\t\t<\/div>\n\t\t\t\t<\/div>\n\t\t<div class=\"elementor-element elementor-element-54da97f e-flex e-con-boxed e-con e-parent\" data-id=\"54da97f\" data-element_type=\"container\" data-e-type=\"container\">\n\t\t\t\t\t<div class=\"e-con-inner\">\n\t\t\t\t\t<\/div>\n\t\t\t\t<\/div>\n\t\t<div class=\"elementor-element elementor-element-c3f69ab e-flex e-con-boxed e-con e-parent\" data-id=\"c3f69ab\" data-element_type=\"container\" data-e-type=\"container\">\n\t\t\t\t\t<div class=\"e-con-inner\">\n\t\t\t\t<div class=\"elementor-element elementor-element-71a42b6 elementor-align-justify elementor-widget elementor-widget-button\" data-id=\"71a42b6\" data-element_type=\"widget\" data-e-type=\"widget\" data-widget_type=\"button.default\">\n\t\t\t\t\t\t\t\t\t\t<a class=\"elementor-button elementor-button-link elementor-size-sm\" href=\"https:\/\/luxurypepperescorts.com\/?page_id=8\">\n\t\t\t\t\t\t<span class=\"elementor-button-content-wrapper\">\n\t\t\t\t\t\t\t\t\t<span class=\"elementor-button-text\">Anunciar<\/span>\n\t\t\t\t\t<\/span>\n\t\t\t\t\t<\/a>\n\t\t\t\t\t\t\t\t<\/div>\n\t\t\t\t\t<\/div>\n\t\t\t\t<\/div>\n\t\t\t\t<\/div>\n\t\t","protected":false},"excerpt":{"rendered":"<p>Planos de An\u00fancios Escolha o plano ideal para divulgar seu perfil. Todos os an\u00fancios passam por aprova\u00e7\u00e3o para garantir qualidade [&hellip;]<\/p>\n","protected":false},"author":1,"featured_media":0,"parent":0,"menu_order":0,"comment_status":"closed","ping_status":"closed","template":"","meta":{"site-sidebar-layout":"default","site-content-layout":"","ast-site-content-layout":"default","site-content-style":"default","site-sidebar-style":"default","ast-global-header-display":"","ast-banner-title-visibility":"","ast-main-header-display":"","ast-hfb-above-header-display":"","ast-hfb-below-header-display":"","ast-hfb-mobile-header-display":"","site-post-title":"disabled","ast-breadcrumbs-content":"","ast-featured-img":"","footer-sml-layout":"","ast-disable-related-posts":"","theme-transparent-header-meta":"","adv-header-id-meta":"","stick-header-meta":"","header-above-stick-meta":"","header-main-stick-meta":"","header-below-stick-meta":"","astra-migrate-meta-layouts":"default","ast-page-background-enabled":"default","ast-page-background-meta":{"desktop":{"background-color":"var(--ast-global-color-5)","background-image":"","background-repeat":"repeat","background-position":"center center","background-size":"auto","background-attachment":"scroll","background-type":"","background-media":"","overlay-type":"","overlay-color":"","overlay-opacity":"","overlay-gradient":""},"tablet":{"background-color":"","background-image":"","background-repeat":"repeat","background-position":"center center","background-size":"auto","background-attachment":"scroll","background-type":"","background-media":"","overlay-type":"","overlay-color":"","overlay-opacity":"","overlay-gradient":""},"mobile":{"background-color":"","background-image":"","background-repeat":"repeat","background-position":"center center","background-size":"auto","background-attachment":"scroll","background-type":"","background-media":"","overlay-type":"","overlay-color":"","overlay-opacity":"","overlay-gradient":""}},"ast-content-background-meta":{"desktop":{"background-color":"var(--ast-global-color-4)","background-image":"","background-repeat":"repeat","background-position":"center center","background-size":"auto","background-attachment":"scroll","background-type":"","background-media":"","overlay-type":"","overlay-color":"","overlay-opacity":"","overlay-gradient":""},"tablet":{"background-color":"var(--ast-global-color-4)","background-image":"","background-repeat":"repeat","background-position":"center center","background-size":"auto","background-attachment":"scroll","background-type":"","background-media":"","overlay-type":"","overlay-color":"","overlay-opacity":"","overlay-gradient":""},"mobile":{"background-color":"var(--ast-global-color-4)","background-image":"","background-repeat":"repeat","background-position":"center center","background-size":"auto","background-attachment":"scroll","background-type":"","background-media":"","overlay-type":"","overlay-color":"","overlay-opacity":"","overlay-gradient":""}},"footnotes":""},"class_list":["post-2","page","type-page","status-publish","hentry"],"_links":{"self":[{"href":"https:\/\/luxurypepperescorts.com\/index.php?rest_route=\/wp\/v2\/pages\/2","targetHints":{"allow":["GET"]}}],"collection":[{"href":"https:\/\/luxurypepperescorts.com\/index.php?rest_route=\/wp\/v2\/pages"}],"about":[{"href":"https:\/\/luxurypepperescorts.com\/index.php?rest_route=\/wp\/v2\/types\/page"}],"author":[{"embeddable":true,"href":"https:\/\/luxurypepperescorts.com\/index.php?rest_route=\/wp\/v2\/users\/1"}],"replies":[{"embeddable":true,"href":"https:\/\/luxurypepperescorts.com\/index.php?rest_route=%2Fwp%2Fv2%2Fcomments&post=2"}],"version-history":[{"count":26,"href":"https:\/\/luxurypepperescorts.com\/index.php?rest_route=\/wp\/v2\/pages\/2\/revisions"}],"predecessor-version":[{"id":675,"href":"https:\/\/luxurypepperescorts.com\/index.php?rest_route=\/wp\/v2\/pages\/2\/revisions\/675"}],"wp:attachment":[{"href":"https:\/\/luxurypepperescorts.com\/index.php?rest_route=%2Fwp%2Fv2%2Fmedia&parent=2"}],"curies":[{"name":"wp","href":"https:\/\/api.w.org\/{rel}","templated":true}]}}