{"id":440,"date":"2026-01-17T18:34:49","date_gmt":"2026-01-17T21:34:49","guid":{"rendered":"https:\/\/luxurypepperescorts.com\/?page_id=440"},"modified":"2026-01-17T18:35:59","modified_gmt":"2026-01-17T21:35:59","slug":"politica-de-anuncios","status":"publish","type":"page","link":"https:\/\/luxurypepperescorts.com\/?page_id=440","title":{"rendered":"POL\u00cdTICA DE AN\u00daNCIOS"},"content":{"rendered":"\t\t<div data-elementor-type=\"wp-page\" data-elementor-id=\"440\" class=\"elementor elementor-440\">\n\t\t\t\t<div class=\"elementor-element elementor-element-1f32bb2 e-flex e-con-boxed e-con e-parent\" data-id=\"1f32bb2\" data-element_type=\"container\" data-e-type=\"container\">\n\t\t\t\t\t<div class=\"e-con-inner\">\n\t\t\t\t<div class=\"elementor-element elementor-element-045039d elementor-widget elementor-widget-text-editor\" data-id=\"045039d\" data-element_type=\"widget\" data-e-type=\"widget\" data-widget_type=\"text-editor.default\">\n\t\t\t\t\t\t\t\t\t<p>POL\u00cdTICA DE AN\u00daNCIOS<\/p><p>Para garantir a seguran\u00e7a e a organiza\u00e7\u00e3o da plataforma, todos os an\u00fancios est\u00e3o sujeitos \u00e0 an\u00e1lise e aprova\u00e7\u00e3o da administra\u00e7\u00e3o do site.<br \/>Regras:<br \/>Nenhum an\u00fancio \u00e9 publicado automaticamente<br \/>An\u00fancios podem ser recusados sem aviso pr\u00e9vio<br \/>Conte\u00fados falsos, ofensivos ou ilegais ser\u00e3o removidos<br \/>Fotos devem ser reais e de propriedade da anunciante<br \/>An\u00fancios VIP<br \/>O plano VIP possui dura\u00e7\u00e3o limitada<br \/>Ap\u00f3s o vencimento, o an\u00fancio retorna automaticamente ao plano comum<br \/>A renova\u00e7\u00e3o do VIP \u00e9 de responsabilidade da anunciante<br \/>O descumprimento das regras pode resultar em suspens\u00e3o ou exclus\u00e3o da conta.<\/p><p><img decoding=\"async\" class=\" wp-image-256 aligncenter\" src=\"https:\/\/luxurypepperescorts.com\/wp-content\/uploads\/2026\/01\/Luxury_Pepper_Escorts-removebg-preview-e1768531235500-300x147.png\" alt=\"\" width=\"108\" height=\"53\" srcset=\"https:\/\/luxurypepperescorts.com\/wp-content\/uploads\/2026\/01\/Luxury_Pepper_Escorts-removebg-preview-e1768531235500-300x147.png 300w, https:\/\/luxurypepperescorts.com\/wp-content\/uploads\/2026\/01\/Luxury_Pepper_Escorts-removebg-preview-e1768531235500.png 483w\" sizes=\"(max-width: 108px) 100vw, 108px\" \/><\/p>\t\t\t\t\t\t\t\t<\/div>\n\t\t\t\t\t<\/div>\n\t\t\t\t<\/div>\n\t\t\t\t<\/div>\n\t\t","protected":false},"excerpt":{"rendered":"<p>POL\u00cdTICA DE AN\u00daNCIOS Para garantir a seguran\u00e7a e a organiza\u00e7\u00e3o da plataforma, todos os an\u00fancios est\u00e3o sujeitos \u00e0 an\u00e1lise e [&hellip;]<\/p>\n","protected":false},"author":1,"featured_media":0,"parent":0,"menu_order":0,"comment_status":"closed","ping_status":"closed","template":"","meta":{"site-sidebar-layout":"no-sidebar","site-content-layout":"","ast-site-content-layout":"full-width-container","site-content-style":"default","site-sidebar-style":"default","ast-global-header-display":"","ast-banner-title-visibility":"","ast-main-header-display":"","ast-hfb-above-header-display":"","ast-hfb-below-header-display":"","ast-hfb-mobile-header-display":"","site-post-title":"","ast-breadcrumbs-content":"","ast-featured-img":"disabled","footer-sml-layout":"","ast-disable-related-posts":"","theme-transparent-header-meta":"","adv-header-id-meta":"","stick-header-meta":"","header-above-stick-meta":"","header-main-stick-meta":"","header-below-stick-meta":"","astra-migrate-meta-layouts":"default","ast-page-background-enabled":"default","ast-page-background-meta":{"desktop":{"background-color":"var(--ast-global-color-5)","background-image":"","background-repeat":"repeat","background-position":"center center","background-size":"auto","background-attachment":"scroll","background-type":"","background-media":"","overlay-type":"","overlay-color":"","overlay-opacity":"","overlay-gradient":""},"tablet":{"background-color":"","background-image":"","background-repeat":"repeat","background-position":"center center","background-size":"auto","background-attachment":"scroll","background-type":"","background-media":"","overlay-type":"","overlay-color":"","overlay-opacity":"","overlay-gradient":""},"mobile":{"background-color":"","background-image":"","background-repeat":"repeat","background-position":"center center","background-size":"auto","background-attachment":"scroll","background-type":"","background-media":"","overlay-type":"","overlay-color":"","overlay-opacity":"","overlay-gradient":""}},"ast-content-background-meta":{"desktop":{"background-color":"var(--ast-global-color-4)","background-image":"","background-repeat":"repeat","background-position":"center center","background-size":"auto","background-attachment":"scroll","background-type":"","background-media":"","overlay-type":"","overlay-color":"","overlay-opacity":"","overlay-gradient":""},"tablet":{"background-color":"var(--ast-global-color-4)","background-image":"","background-repeat":"repeat","background-position":"center center","background-size":"auto","background-attachment":"scroll","background-type":"","background-media":"","overlay-type":"","overlay-color":"","overlay-opacity":"","overlay-gradient":""},"mobile":{"background-color":"var(--ast-global-color-4)","background-image":"","background-repeat":"repeat","background-position":"center center","background-size":"auto","background-attachment":"scroll","background-type":"","background-media":"","overlay-type":"","overlay-color":"","overlay-opacity":"","overlay-gradient":""}},"footnotes":""},"class_list":["post-440","page","type-page","status-publish","hentry"],"_links":{"self":[{"href":"https:\/\/luxurypepperescorts.com\/index.php?rest_route=\/wp\/v2\/pages\/440","targetHints":{"allow":["GET"]}}],"collection":[{"href":"https:\/\/luxurypepperescorts.com\/index.php?rest_route=\/wp\/v2\/pages"}],"about":[{"href":"https:\/\/luxurypepperescorts.com\/index.php?rest_route=\/wp\/v2\/types\/page"}],"author":[{"embeddable":true,"href":"https:\/\/luxurypepperescorts.com\/index.php?rest_route=\/wp\/v2\/users\/1"}],"replies":[{"embeddable":true,"href":"https:\/\/luxurypepperescorts.com\/index.php?rest_route=%2Fwp%2Fv2%2Fcomments&post=440"}],"version-history":[{"count":4,"href":"https:\/\/luxurypepperescorts.com\/index.php?rest_route=\/wp\/v2\/pages\/440\/revisions"}],"predecessor-version":[{"id":445,"href":"https:\/\/luxurypepperescorts.com\/index.php?rest_route=\/wp\/v2\/pages\/440\/revisions\/445"}],"wp:attachment":[{"href":"https:\/\/luxurypepperescorts.com\/index.php?rest_route=%2Fwp%2Fv2%2Fmedia&parent=440"}],"curies":[{"name":"wp","href":"https:\/\/api.w.org\/{rel}","templated":true}]}}